{"id":185,"date":"2025-12-09T10:14:32","date_gmt":"2025-12-09T10:14:32","guid":{"rendered":"https:\/\/hameenmetsaenergia.fi\/?page_id=185"},"modified":"2026-02-23T16:34:44","modified_gmt":"2026-02-23T16:34:44","slug":"koti","status":"publish","type":"page","link":"https:\/\/hameenmetsaenergia.fi\/","title":{"rendered":"Koti"},"content":{"rendered":"\t\t<div data-elementor-type=\"wp-page\" data-elementor-id=\"185\" class=\"elementor elementor-185\">\n\t\t\t\t<div class=\"elementor-element elementor-element-3460add e-con-full e-flex e-con e-parent\" data-id=\"3460add\" data-element_type=\"container\" data-e-type=\"container\" data-settings=\"{&quot;background_background&quot;:&quot;classic&quot;}\">\n\t\t<div class=\"elementor-element elementor-element-1df0a07 e-con-full e-flex e-con e-child\" data-id=\"1df0a07\" data-element_type=\"container\" data-e-type=\"container\" data-settings=\"{&quot;background_background&quot;:&quot;classic&quot;}\">\n\t\t\t\t<div class=\"elementor-element elementor-element-6f81cc8 elementor-widget elementor-widget-heading\" data-id=\"6f81cc8\" data-element_type=\"widget\" data-e-type=\"widget\" data-widget_type=\"heading.default\">\n\t\t\t\t<div class=\"elementor-widget-container\">\n\t\t\t\t\t<h1 class=\"elementor-heading-title elementor-size-default\">Luotettavasti tulevaisuuden metsiss\u00e4.<\/h1>\t\t\t\t<\/div>\n\t\t\t\t<\/div>\n\t\t\t\t<div class=\"elementor-element elementor-element-b7516d8 elementor-widget__width-initial elementor-widget elementor-widget-text-editor\" data-id=\"b7516d8\" data-element_type=\"widget\" data-e-type=\"widget\" data-widget_type=\"text-editor.default\">\n\t\t\t\t<div class=\"elementor-widget-container\">\n\t\t\t\t\t\t\t\t\t<p>H\u00e4meen Mets\u00e4energia Oy on mets\u00e4- ja energia-alan kokenut asiantuntija, jonka juuret ovat suomalaisessa mets\u00e4ss\u00e4 ja katse suunnattuna tulevaisuuteen. Vuodesta 1989 toiminut yritys tarjoaa kattavat metsuripalvelut, puiden ja metsien kaatoty\u00f6t sek\u00e4 mets\u00e4alan konsultointia.<\/p>\t\t\t\t\t\t\t\t<\/div>\n\t\t\t\t<\/div>\n\t\t\t\t<\/div>\n\t\t\t\t<\/div>\n\t\t<div class=\"elementor-element elementor-element-508e551 e-con-full e-flex e-con e-parent\" data-id=\"508e551\" data-element_type=\"container\" data-e-type=\"container\">\n\t\t<div class=\"elementor-element elementor-element-b99ea5b e-con-full e-flex e-con e-child\" data-id=\"b99ea5b\" data-element_type=\"container\" data-e-type=\"container\" id=\"meista\">\n\t\t\t\t<div class=\"elementor-element elementor-element-ec012a0 elementor-widget elementor-widget-text-editor\" data-id=\"ec012a0\" data-element_type=\"widget\" data-e-type=\"widget\" data-widget_type=\"text-editor.default\">\n\t\t\t\t<div class=\"elementor-widget-container\">\n\t\t\t\t\t\t\t\t\t<p>MEIST\u00c4<\/p>\t\t\t\t\t\t\t\t<\/div>\n\t\t\t\t<\/div>\n\t\t\t\t<div class=\"elementor-element elementor-element-9b60dd9 elementor-widget__width-initial elementor-widget elementor-widget-heading\" data-id=\"9b60dd9\" data-element_type=\"widget\" data-e-type=\"widget\" data-widget_type=\"heading.default\">\n\t\t\t\t<div class=\"elementor-widget-container\">\n\t\t\t\t\t<h4 class=\"elementor-heading-title elementor-size-default\">Yritt\u00e4j\u00e4, joka n\u00e4kee mets\u00e4n puilta<\/h4>\t\t\t\t<\/div>\n\t\t\t\t<\/div>\n\t\t\t\t<div class=\"elementor-element elementor-element-fb8b411 elementor-widget__width-initial elementor-widget elementor-widget-text-editor\" data-id=\"fb8b411\" data-element_type=\"widget\" data-e-type=\"widget\" data-widget_type=\"text-editor.default\">\n\t\t\t\t<div class=\"elementor-widget-container\">\n\t\t\t\t\t\t\t\t\t<p><span style=\"font-weight: 400;\">Meill\u00e4 on yli 20 vuoden kokemus mets\u00e4- ja energia-alalta, joka n\u00e4kyy kaikessa tekemisess\u00e4. Ville yhdist\u00e4\u00e4 k\u00e4yt\u00e4nn\u00f6n osaamisen, ajantasaisen alan tuntemuksen ja aitoon tekemiseen pohjautuvan luottamuksen, joka on rakentunut pitk\u00e4j\u00e4nteisesti asiakkaiden kanssa.<\/span><\/p><p><span style=\"font-weight: 400;\">Mets\u00e4ss\u00e4 ty\u00f6skentely vaatii tarkkuutta, taitoa ja tulevaisuuden n\u00e4kemyst\u00e4. Siksi lupaamme, ett\u00e4 toimimme luotettavasti tulevaisuuden metsiss\u00e4 t\u00e4n\u00e4\u00e4n ja huomenna.<\/span><\/p>\t\t\t\t\t\t\t\t<\/div>\n\t\t\t\t<\/div>\n\t\t\t\t<\/div>\n\t\t\t\t<div class=\"elementor-element elementor-element-156a9df elementor-widget elementor-widget-image\" data-id=\"156a9df\" data-element_type=\"widget\" data-e-type=\"widget\" data-widget_type=\"image.default\">\n\t\t\t\t<div class=\"elementor-widget-container\">\n\t\t\t\t\t\t\t\t\t\t\t\t\t\t\t<img fetchpriority=\"high\" decoding=\"async\" width=\"2560\" height=\"1703\" src=\"https:\/\/hameenmetsaenergia.fi\/wp-content\/uploads\/2025\/05\/pexels-photo-1172207-1172207-scaled.jpg\" class=\"attachment-full size-full wp-image-50\" alt=\"A person in a green jacket stands by a serene forest lake, capturing calming nature.\" srcset=\"https:\/\/hameenmetsaenergia.fi\/wp-content\/uploads\/2025\/05\/pexels-photo-1172207-1172207-scaled.jpg 2560w, https:\/\/hameenmetsaenergia.fi\/wp-content\/uploads\/2025\/05\/pexels-photo-1172207-1172207-300x200.jpg 300w, https:\/\/hameenmetsaenergia.fi\/wp-content\/uploads\/2025\/05\/pexels-photo-1172207-1172207-1024x681.jpg 1024w, https:\/\/hameenmetsaenergia.fi\/wp-content\/uploads\/2025\/05\/pexels-photo-1172207-1172207-768x511.jpg 768w, https:\/\/hameenmetsaenergia.fi\/wp-content\/uploads\/2025\/05\/pexels-photo-1172207-1172207-1536x1022.jpg 1536w, https:\/\/hameenmetsaenergia.fi\/wp-content\/uploads\/2025\/05\/pexels-photo-1172207-1172207-2048x1363.jpg 2048w\" sizes=\"(max-width: 2560px) 100vw, 2560px\" \/>\t\t\t\t\t\t\t\t\t\t\t\t\t\t\t<\/div>\n\t\t\t\t<\/div>\n\t\t\t\t<\/div>\n\t\t<div class=\"elementor-element elementor-element-ea50d40 e-con-full e-flex e-con e-parent\" data-id=\"ea50d40\" data-element_type=\"container\" data-e-type=\"container\" id=\"palvelut\" data-settings=\"{&quot;background_background&quot;:&quot;classic&quot;}\">\n\t\t\t\t<div class=\"elementor-element elementor-element-4715c97 elementor-widget__width-inherit elementor-widget elementor-widget-heading\" data-id=\"4715c97\" data-element_type=\"widget\" data-e-type=\"widget\" data-widget_type=\"heading.default\">\n\t\t\t\t<div class=\"elementor-widget-container\">\n\t\t\t\t\t<h2 class=\"elementor-heading-title elementor-size-default\">Palvelut ja kalusto<\/h2>\t\t\t\t<\/div>\n\t\t\t\t<\/div>\n\t\t\t\t<\/div>\n\t\t<div class=\"elementor-element elementor-element-620aaf8 e-flex e-con-boxed e-con e-parent\" data-id=\"620aaf8\" data-element_type=\"container\" data-e-type=\"container\" data-settings=\"{&quot;background_background&quot;:&quot;classic&quot;}\">\n\t\t\t\t\t<div class=\"e-con-inner\">\n\t\t\t\t<div class=\"elementor-element elementor-element-faf1d20 elementor-widget__width-initial elementor-widget-mobile__width-inherit elementor-position-top elementor-widget elementor-widget-image-box\" data-id=\"faf1d20\" data-element_type=\"widget\" data-e-type=\"widget\" data-widget_type=\"image-box.default\">\n\t\t\t\t<div class=\"elementor-widget-container\">\n\t\t\t\t\t<div class=\"elementor-image-box-wrapper\"><figure class=\"elementor-image-box-img\"><img decoding=\"async\" width=\"1500\" height=\"1000\" src=\"https:\/\/hameenmetsaenergia.fi\/wp-content\/uploads\/2025\/12\/Kaluston-kuvaus-11.jpg\" class=\"attachment-full size-full wp-image-134\" alt=\"\" srcset=\"https:\/\/hameenmetsaenergia.fi\/wp-content\/uploads\/2025\/12\/Kaluston-kuvaus-11.jpg 1500w, https:\/\/hameenmetsaenergia.fi\/wp-content\/uploads\/2025\/12\/Kaluston-kuvaus-11-300x200.jpg 300w, https:\/\/hameenmetsaenergia.fi\/wp-content\/uploads\/2025\/12\/Kaluston-kuvaus-11-1024x683.jpg 1024w, https:\/\/hameenmetsaenergia.fi\/wp-content\/uploads\/2025\/12\/Kaluston-kuvaus-11-768x512.jpg 768w\" sizes=\"(max-width: 1500px) 100vw, 1500px\" \/><\/figure><div class=\"elementor-image-box-content\"><h3 class=\"elementor-image-box-title\">Metsien harvennus- ja hakkuuty\u00f6t<\/h3><p class=\"elementor-image-box-description\">Harvennus- ja hakkuuty\u00f6t luotettavasti. Halutessassi ostamme puutavaran ja hoidamme my\u00f6s poiskuljetuksen.<\/p><\/div><\/div>\t\t\t\t<\/div>\n\t\t\t\t<\/div>\n\t\t\t\t<div class=\"elementor-element elementor-element-9c17b10 elementor-widget__width-initial elementor-widget-mobile__width-inherit elementor-position-top elementor-widget elementor-widget-image-box\" data-id=\"9c17b10\" data-element_type=\"widget\" data-e-type=\"widget\" data-widget_type=\"image-box.default\">\n\t\t\t\t<div class=\"elementor-widget-container\">\n\t\t\t\t\t<div class=\"elementor-image-box-wrapper\"><figure class=\"elementor-image-box-img\"><img decoding=\"async\" width=\"1500\" height=\"1000\" src=\"https:\/\/hameenmetsaenergia.fi\/wp-content\/uploads\/2025\/12\/Hameen-metsaenergia-.jpg\" class=\"attachment-full size-full wp-image-128\" alt=\"\" srcset=\"https:\/\/hameenmetsaenergia.fi\/wp-content\/uploads\/2025\/12\/Hameen-metsaenergia-.jpg 1500w, https:\/\/hameenmetsaenergia.fi\/wp-content\/uploads\/2025\/12\/Hameen-metsaenergia--300x200.jpg 300w, https:\/\/hameenmetsaenergia.fi\/wp-content\/uploads\/2025\/12\/Hameen-metsaenergia--1024x683.jpg 1024w, https:\/\/hameenmetsaenergia.fi\/wp-content\/uploads\/2025\/12\/Hameen-metsaenergia--768x512.jpg 768w\" sizes=\"(max-width: 1500px) 100vw, 1500px\" \/><\/figure><div class=\"elementor-image-box-content\"><h3 class=\"elementor-image-box-title\">Risujen ja puutavaran nouto ja kuljetus<\/h3><p class=\"elementor-image-box-description\">Noudamme risut ja puutavarasi sovitusti monipuolisella kalustollamme<\/p><\/div><\/div>\t\t\t\t<\/div>\n\t\t\t\t<\/div>\n\t\t\t\t\t<\/div>\n\t\t\t\t<\/div>\n\t\t<div class=\"elementor-element elementor-element-1451b72 e-flex e-con-boxed e-con e-parent\" data-id=\"1451b72\" data-element_type=\"container\" data-e-type=\"container\" data-settings=\"{&quot;background_background&quot;:&quot;classic&quot;}\">\n\t\t\t\t\t<div class=\"e-con-inner\">\n\t\t\t\t<div class=\"elementor-element elementor-element-fbda6e8 elementor-position-top elementor-widget elementor-widget-image-box\" data-id=\"fbda6e8\" data-element_type=\"widget\" data-e-type=\"widget\" data-widget_type=\"image-box.default\">\n\t\t\t\t<div class=\"elementor-widget-container\">\n\t\t\t\t\t<div class=\"elementor-image-box-wrapper\"><figure class=\"elementor-image-box-img\"><img loading=\"lazy\" decoding=\"async\" width=\"1500\" height=\"1000\" src=\"https:\/\/hameenmetsaenergia.fi\/wp-content\/uploads\/2025\/12\/Kaluston-kuvaus-16.jpg\" class=\"attachment-full size-full wp-image-138\" alt=\"\" srcset=\"https:\/\/hameenmetsaenergia.fi\/wp-content\/uploads\/2025\/12\/Kaluston-kuvaus-16.jpg 1500w, https:\/\/hameenmetsaenergia.fi\/wp-content\/uploads\/2025\/12\/Kaluston-kuvaus-16-300x200.jpg 300w, https:\/\/hameenmetsaenergia.fi\/wp-content\/uploads\/2025\/12\/Kaluston-kuvaus-16-1024x683.jpg 1024w, https:\/\/hameenmetsaenergia.fi\/wp-content\/uploads\/2025\/12\/Kaluston-kuvaus-16-768x512.jpg 768w\" sizes=\"(max-width: 1500px) 100vw, 1500px\" \/><\/figure><div class=\"elementor-image-box-content\"><h3 class=\"elementor-image-box-title\">Hakkuuty\u00f6n siivous<\/h3><p class=\"elementor-image-box-description\">Suoritamme ty\u00f6n aina sovitusti ja j\u00e4t\u00e4mme ty\u00f6maan siistiin kuntoon.<br><\/p><\/div><\/div>\t\t\t\t<\/div>\n\t\t\t\t<\/div>\n\t\t\t\t<div class=\"elementor-element elementor-element-f5cf8a3 elementor-position-top elementor-widget elementor-widget-image-box\" data-id=\"f5cf8a3\" data-element_type=\"widget\" data-e-type=\"widget\" data-widget_type=\"image-box.default\">\n\t\t\t\t<div class=\"elementor-widget-container\">\n\t\t\t\t\t<div class=\"elementor-image-box-wrapper\"><figure class=\"elementor-image-box-img\"><img loading=\"lazy\" decoding=\"async\" width=\"1500\" height=\"1000\" src=\"https:\/\/hameenmetsaenergia.fi\/wp-content\/uploads\/2025\/12\/Kaluston-kuvaus-18.jpg\" class=\"attachment-full size-full wp-image-140\" alt=\"\" srcset=\"https:\/\/hameenmetsaenergia.fi\/wp-content\/uploads\/2025\/12\/Kaluston-kuvaus-18.jpg 1500w, https:\/\/hameenmetsaenergia.fi\/wp-content\/uploads\/2025\/12\/Kaluston-kuvaus-18-300x200.jpg 300w, https:\/\/hameenmetsaenergia.fi\/wp-content\/uploads\/2025\/12\/Kaluston-kuvaus-18-1024x683.jpg 1024w, https:\/\/hameenmetsaenergia.fi\/wp-content\/uploads\/2025\/12\/Kaluston-kuvaus-18-768x512.jpg 768w\" sizes=\"(max-width: 1500px) 100vw, 1500px\" \/><\/figure><div class=\"elementor-image-box-content\"><h3 class=\"elementor-image-box-title\">Mets\u00e4- ja energia-alan konsultointipalvelut<\/h3><p class=\"elementor-image-box-description\">Yhdist\u00e4mme k\u00e4yt\u00e4nn\u00f6n osaamisen, ajantasaisen alan tuntemuksen ja aidosta tekemisest\u00e4 syntyneen luottamuksen yli 20 vuoden kokemuksella<\/p><\/div><\/div>\t\t\t\t<\/div>\n\t\t\t\t<\/div>\n\t\t\t\t\t<\/div>\n\t\t\t\t<\/div>\n\t\t<div class=\"elementor-element elementor-element-e68f24f e-con-full e-flex e-con e-parent\" data-id=\"e68f24f\" data-element_type=\"container\" data-e-type=\"container\" data-settings=\"{&quot;background_background&quot;:&quot;classic&quot;}\">\n\t\t<div class=\"elementor-element elementor-element-39b3511 e-con-full e-flex e-con e-child\" data-id=\"39b3511\" data-element_type=\"container\" data-e-type=\"container\" id=\"yhteystiedot\">\n\t\t\t\t<div class=\"elementor-element elementor-element-0a15c9a elementor-widget elementor-widget-heading\" data-id=\"0a15c9a\" data-element_type=\"widget\" data-e-type=\"widget\" data-widget_type=\"heading.default\">\n\t\t\t\t<div class=\"elementor-widget-container\">\n\t\t\t\t\t<h1 class=\"elementor-heading-title elementor-size-default\">Ota yhteytt\u00e4<\/h1>\t\t\t\t<\/div>\n\t\t\t\t<\/div>\n\t\t\t\t<div class=\"elementor-element elementor-element-f916219 elementor-widget elementor-widget-text-editor\" data-id=\"f916219\" data-element_type=\"widget\" data-e-type=\"widget\" data-widget_type=\"text-editor.default\">\n\t\t\t\t<div class=\"elementor-widget-container\">\n\t\t\t\t\t\t\t\t\t<p>Miten voimme auttaa?\u00a0<span style=\"font-style: inherit; font-family: var( --e-global-typography-text-font-family ), Sans-serif;\">Ota yhteytt\u00e4 s\u00e4hk\u00f6postitse tai alla olevan yhteydenottolomakkeen kautta, vastaamme mahdollisimman pian.<\/span><\/p><p><span style=\"font-style: inherit; font-family: var( --e-global-typography-text-font-family ), Sans-serif;\">Ville Paju | villepaju83@gmail.com\u00a0<\/span><span style=\"font-family: var( --e-global-typography-text-font-family ), Sans-serif;\">| p. 0407559185<\/span><\/p>\t\t\t\t\t\t\t\t<\/div>\n\t\t\t\t<\/div>\n\t\t\t\t<div class=\"elementor-element elementor-element-a96146b elementor-widget__width-initial elementor-widget-mobile__width-initial elementor-widget elementor-widget-wpforms\" data-id=\"a96146b\" data-element_type=\"widget\" data-e-type=\"widget\" data-widget_type=\"wpforms.default\">\n\t\t\t\t<div class=\"elementor-widget-container\">\n\t\t\t\t\t<style id=\"wpforms-css-vars-elementor-widget-a96146b\">\n\t\t\t\t.elementor-widget-wpforms.elementor-element-a96146b {\n\t\t\t\t--wpforms-field-text-color: #54595F;\n--wpforms-label-color: #FFFFFF;\n--wpforms-button-background-color: #6E9F7B;\n\t\t\t}\n\t\t\t<\/style><div class=\"wpforms-container wpforms-container-full wpforms-render-modern\" id=\"wpforms-89\"><form id=\"wpforms-form-89\" class=\"wpforms-validate wpforms-form wpforms-ajax-form\" data-formid=\"89\" method=\"post\" enctype=\"multipart\/form-data\" action=\"\/index.php\/wp-json\/wp\/v2\/pages\/185\" data-token=\"4b40d7f0b7089a4cfaaca816a5a92287\" data-token-time=\"1778143809\"><noscript class=\"wpforms-error-noscript\">Please enable JavaScript in your browser to complete this form.<\/noscript><div id=\"wpforms-error-noscript\" style=\"display: none;\">Please enable JavaScript in your browser to complete this form.<\/div><div class=\"wpforms-field-container\"><div id=\"wpforms-89-field_1-container\" class=\"wpforms-field wpforms-field-name\" data-field-id=\"1\"><label class=\"wpforms-field-label\" for=\"wpforms-89-field_1\">Nimi <span class=\"wpforms-required-label\" aria-hidden=\"true\">*<\/span><\/label><input type=\"text\" id=\"wpforms-89-field_1\" class=\"wpforms-field-medium wpforms-field-required\" name=\"wpforms[fields][1]\" aria-errormessage=\"wpforms-89-field_1-error\" required><\/div>\t\t<div id=\"wpforms-89-field_4-container\"\n\t\t\tclass=\"wpforms-field wpforms-field-text\"\n\t\t\tdata-field-type=\"text\"\n\t\t\tdata-field-id=\"4\"\n\t\t\t>\n\t\t\t<label class=\"wpforms-field-label\" for=\"wpforms-89-field_4\" >Nimi Viesti S\u00e4hk\u00f6posti<\/label>\n\t\t\t<input type=\"text\" id=\"wpforms-89-field_4\" class=\"wpforms-field-medium\" name=\"wpforms[fields][4]\" >\n\t\t<\/div>\n\t\t<div id=\"wpforms-89-field_2-container\" class=\"wpforms-field wpforms-field-email\" data-field-id=\"2\"><label class=\"wpforms-field-label\" for=\"wpforms-89-field_2\">S\u00e4hk\u00f6posti <span class=\"wpforms-required-label\" aria-hidden=\"true\">*<\/span><\/label><input type=\"email\" id=\"wpforms-89-field_2\" class=\"wpforms-field-medium wpforms-field-required\" name=\"wpforms[fields][2]\" spellcheck=\"false\" aria-errormessage=\"wpforms-89-field_2-error\" required><\/div><div id=\"wpforms-89-field_3-container\" class=\"wpforms-field wpforms-field-textarea\" data-field-id=\"3\"><label class=\"wpforms-field-label\" for=\"wpforms-89-field_3\">Viesti <span class=\"wpforms-required-label\" aria-hidden=\"true\">*<\/span><\/label><textarea id=\"wpforms-89-field_3\" class=\"wpforms-field-medium wpforms-field-required\" name=\"wpforms[fields][3]\" placeholder=\"Kirjoita viestisi t\u00e4h\u00e4n\" aria-errormessage=\"wpforms-89-field_3-error\" required><\/textarea><\/div><script>\n\t\t\t\t( function() {\n\t\t\t\t\tconst style = document.createElement( 'style' );\n\t\t\t\t\tstyle.appendChild( document.createTextNode( '#wpforms-89-field_4-container { position: absolute !important; overflow: hidden !important; display: inline !important; height: 1px !important; width: 1px !important; z-index: -1000 !important; padding: 0 !important; } #wpforms-89-field_4-container input { visibility: hidden; } #wpforms-conversational-form-page #wpforms-89-field_4-container label { counter-increment: none; }' ) );\n\t\t\t\t\tdocument.head.appendChild( style );\n\t\t\t\t\tdocument.currentScript?.remove();\n\t\t\t\t} )();\n\t\t\t<\/script><\/div><!-- .wpforms-field-container --><div class=\"wpforms-submit-container\" ><input type=\"hidden\" name=\"wpforms[id]\" value=\"89\"><input type=\"hidden\" name=\"page_title\" value=\"\"><input type=\"hidden\" name=\"page_url\" value=\"https:\/\/hameenmetsaenergia.fi\/index.php\/wp-json\/wp\/v2\/pages\/185\"><input type=\"hidden\" name=\"url_referer\" value=\"\"><button type=\"submit\" name=\"wpforms[submit]\" id=\"wpforms-submit-89\" class=\"wpforms-submit\" data-alt-text=\"L\u00e4hett\u00e4\u00e4...\" data-submit-text=\"L\u00e4het\u00e4\" aria-live=\"assertive\" value=\"wpforms-submit\">L\u00e4het\u00e4<\/button><img loading=\"lazy\" decoding=\"async\" src=\"https:\/\/hameenmetsaenergia.fi\/wp-content\/plugins\/wpforms-lite\/assets\/images\/submit-spin.svg\" class=\"wpforms-submit-spinner\" style=\"display: none;\" width=\"26\" height=\"26\" alt=\"Loading\"><\/div><\/form><\/div>  <!-- .wpforms-container -->\t\t\t\t<\/div>\n\t\t\t\t<\/div>\n\t\t\t\t<\/div>\n\t\t\t\t<\/div>\n\t\t\t\t<\/div>\n\t\t","protected":false},"excerpt":{"rendered":"<p>Luotettavasti tulevaisuuden metsiss\u00e4. H\u00e4meen Mets\u00e4energia Oy on mets\u00e4- ja energia-alan kokenut asiantuntija, jonka juuret ovat suomalaisessa mets\u00e4ss\u00e4 ja katse suunnattuna [&hellip;]<\/p>\n","protected":false},"author":1,"featured_media":0,"parent":0,"menu_order":0,"comment_status":"closed","ping_status":"closed","template":"elementor_header_footer","meta":{"site-sidebar-layout":"no-sidebar","site-content-layout":"","ast-site-content-layout":"full-width-container","site-content-style":"default","site-sidebar-style":"default","ast-global-header-display":"","ast-banner-title-visibility":"","ast-main-header-display":"","ast-hfb-above-header-display":"","ast-hfb-below-header-display":"","ast-hfb-mobile-header-display":"","site-post-title":"","ast-breadcrumbs-content":"","ast-featured-img":"disabled","footer-sml-layout":"","ast-disable-related-posts":"","theme-transparent-header-meta":"","adv-header-id-meta":"","stick-header-meta":"","header-above-stick-meta":"","header-main-stick-meta":"","header-below-stick-meta":"","astra-migrate-meta-layouts":"default","ast-page-background-enabled":"default","ast-page-background-meta":{"desktop":{"background-color":"var(--ast-global-color-5)","background-image":"","background-repeat":"repeat","background-position":"center center","background-size":"auto","background-attachment":"scroll","background-type":"","background-media":"","overlay-type":"","overlay-color":"","overlay-opacity":"","overlay-gradient":""},"tablet":{"background-color":"","background-image":"","background-repeat":"repeat","background-position":"center center","background-size":"auto","background-attachment":"scroll","background-type":"","background-media":"","overlay-type":"","overlay-color":"","overlay-opacity":"","overlay-gradient":""},"mobile":{"background-color":"","background-image":"","background-repeat":"repeat","background-position":"center center","background-size":"auto","background-attachment":"scroll","background-type":"","background-media":"","overlay-type":"","overlay-color":"","overlay-opacity":"","overlay-gradient":""}},"ast-content-background-meta":{"desktop":{"background-color":"var(--ast-global-color-4)","background-image":"","background-repeat":"repeat","background-position":"center center","background-size":"auto","background-attachment":"scroll","background-type":"","background-media":"","overlay-type":"","overlay-color":"","overlay-opacity":"","overlay-gradient":""},"tablet":{"background-color":"var(--ast-global-color-4)","background-image":"","background-repeat":"repeat","background-position":"center center","background-size":"auto","background-attachment":"scroll","background-type":"","background-media":"","overlay-type":"","overlay-color":"","overlay-opacity":"","overlay-gradient":""},"mobile":{"background-color":"var(--ast-global-color-4)","background-image":"","background-repeat":"repeat","background-position":"center center","background-size":"auto","background-attachment":"scroll","background-type":"","background-media":"","overlay-type":"","overlay-color":"","overlay-opacity":"","overlay-gradient":""}},"footnotes":""},"class_list":["post-185","page","type-page","status-publish","hentry"],"_links":{"self":[{"href":"https:\/\/hameenmetsaenergia.fi\/index.php\/wp-json\/wp\/v2\/pages\/185","targetHints":{"allow":["GET"]}}],"collection":[{"href":"https:\/\/hameenmetsaenergia.fi\/index.php\/wp-json\/wp\/v2\/pages"}],"about":[{"href":"https:\/\/hameenmetsaenergia.fi\/index.php\/wp-json\/wp\/v2\/types\/page"}],"author":[{"embeddable":true,"href":"https:\/\/hameenmetsaenergia.fi\/index.php\/wp-json\/wp\/v2\/users\/1"}],"replies":[{"embeddable":true,"href":"https:\/\/hameenmetsaenergia.fi\/index.php\/wp-json\/wp\/v2\/comments?post=185"}],"version-history":[{"count":49,"href":"https:\/\/hameenmetsaenergia.fi\/index.php\/wp-json\/wp\/v2\/pages\/185\/revisions"}],"predecessor-version":[{"id":262,"href":"https:\/\/hameenmetsaenergia.fi\/index.php\/wp-json\/wp\/v2\/pages\/185\/revisions\/262"}],"wp:attachment":[{"href":"https:\/\/hameenmetsaenergia.fi\/index.php\/wp-json\/wp\/v2\/media?parent=185"}],"curies":[{"name":"wp","href":"https:\/\/api.w.org\/{rel}","templated":true}]}}